{"id":474,"date":"2025-01-30T22:43:25","date_gmt":"2025-01-30T22:43:25","guid":{"rendered":"https:\/\/caremer.cluster100.hosting.ovh.net\/?page_id=474"},"modified":"2025-03-02T09:25:18","modified_gmt":"2025-03-02T09:25:18","slug":"naprawa","status":"publish","type":"page","link":"https:\/\/caremerc.com\/en\/naprawa\/","title":{"rendered":"Repair"},"content":{"rendered":"<div id=\"fws_69d4dab6a7cd3\"  data-column-margin=\"default\" data-midnight=\"light\"  class=\"wpb_row vc_row-fluid vc_row full-width-section\"  style=\"padding-top: 3em; padding-bottom: 0em; \"><div class=\"row-bg-wrap\" data-bg-animation=\"none\" data-bg-animation-delay=\"\" data-bg-overlay=\"false\"><div class=\"inner-wrap row-bg-layer\" ><div class=\"row-bg viewport-desktop using-bg-color\"  style=\"background-color: #000000; \"><\/div><\/div><\/div><div class=\"row_col_wrap_12 col span_12 light left\">\n\t<div  class=\"vc_col-sm-12 wpb_column column_container vc_column_container col no-extra-padding el_spacing_0px inherit_tablet inherit_phone\"  data-padding-pos=\"all\" data-has-bg-color=\"false\" data-bg-color=\"\" data-bg-opacity=\"1\" data-animation=\"\" data-delay=\"0\" >\n\t\t<div class=\"vc_column-inner\" >\n\t\t\t<div class=\"wpb_wrapper\">\n\t\t\t\t<div id=\"fws_69d4dab6a8a6a\" data-midnight=\"\" data-column-margin=\"default\" class=\"wpb_row vc_row-fluid vc_row inner_row  right_padding_20pct right_padding_tablet_0px\"  style=\"padding-top: 6%; padding-bottom: 6%; \"><div class=\"row-bg-wrap\"> <div class=\"row-bg\" ><\/div> <\/div><div class=\"row_col_wrap_12_inner col span_12  left\">\n\t<div  class=\"vc_col-sm-12 wpb_column column_container vc_column_container col child_column no-extra-padding inherit_tablet inherit_phone\"   data-padding-pos=\"all\" data-has-bg-color=\"false\" data-bg-color=\"\" data-bg-opacity=\"1\" data-animation=\"\" data-delay=\"0\" >\n\t\t<div class=\"vc_column-inner\" >\n\t\t<div class=\"wpb_wrapper\">\n\t\t\t<div class=\"nectar-split-heading  font_size_6vw font_size_max_104px font_line_height_1-2\" data-align=\"default\" data-m-align=\"inherit\" data-text-effect=\"default\" data-animation-type=\"line-reveal-by-space\" data-animation-delay=\"0\" data-animation-offset=\"\" data-m-rm-animation=\"\" data-stagger=\"\" data-custom-font-size=\"true\" style=\"font-size: 6vw; line-height: 6.6vw;\"><h1 >Naprawa elektroniki <\/h1><\/div>\n\t\t<\/div> \n\t<\/div>\n\t<\/div> \n<\/div><\/div>\n\t\t\t<\/div> \n\t\t<\/div>\n\t<\/div> \n<\/div><\/div>\n\t\t<div id=\"fws_69d4dab6a9942\"  data-column-margin=\"default\" data-midnight=\"light\"  class=\"wpb_row vc_row-fluid vc_row full-width-content vc_row-o-equal-height vc_row-flex vc_row-o-content-top\"  style=\"padding-top: 0px; padding-bottom: 0px; \"><div class=\"row-bg-wrap\" data-bg-animation=\"none\" data-bg-animation-delay=\"\" data-bg-overlay=\"false\"><div class=\"inner-wrap row-bg-layer\" ><div class=\"row-bg viewport-desktop using-bg-color\"  style=\"background-color: #000000; \"><\/div><\/div><\/div><div class=\"row_col_wrap_12 col span_12 light left\">\n\t<div  class=\"vc_col-sm-12 wpb_column column_container vc_column_container col no-extra-padding inherit_tablet inherit_phone\"  data-padding-pos=\"all\" data-has-bg-color=\"false\" data-bg-color=\"\" data-bg-opacity=\"1\" data-animation=\"\" data-delay=\"0\" >\n\t\t<div class=\"vc_column-inner\" >\n\t\t\t<div class=\"wpb_wrapper\">\n\t\t\t\t<div class=\"nectar_video_player_self_hosted wpb_video_widget wpb_content_element vc_clearfix vc_video-aspect-ratio-169 vc_video-el-width-100 vc_video-align-left\" data-border-radius=\"none\" data-shadow=\"none\">\n<div class=\"wpb_wrapper\"><div class=\"wpb_video_wrapper\"><video width=\"1280\" height=\"720\" class=\"nectar-video-self-hosted\" preload=\"metadata\" loop autoplay muted playsinline poster=\"https:\/\/caremerc.com\/wp-content\/uploads\/2025\/01\/20240206_232906-scaled.webp\"><source src=\"http:\/\/caremerc.com\/wp-content\/uploads\/2024\/05\/Bez-nazwy-1.mp4\"  type=\"video\/mp4\"><\/video><\/div><\/div><\/div>\n\t\t\t<\/div> \n\t\t<\/div>\n\t<\/div> \n<\/div><\/div>\n\t\t<div id=\"fws_69d4dab6aa959\"  data-column-margin=\"default\" data-midnight=\"light\" data-top-percent=\"6%\" data-bottom-percent=\"6%\"  class=\"wpb_row vc_row-fluid vc_row full-width-section\"  style=\"padding-top: calc(100vw * 0.06); padding-bottom: calc(100vw * 0.06); \"><div class=\"row-bg-wrap\" data-bg-animation=\"none\" data-bg-animation-delay=\"\" data-bg-overlay=\"false\"><div class=\"inner-wrap row-bg-layer\" ><div class=\"row-bg viewport-desktop using-bg-color\"  style=\"background-color: #000000; \"><\/div><\/div><\/div><div class=\"row_col_wrap_12 col span_12 light left\">\n\t<div  class=\"vc_col-sm-12 wpb_column column_container vc_column_container col no-extra-padding inherit_tablet inherit_phone\"  data-padding-pos=\"all\" data-has-bg-color=\"false\" data-bg-color=\"\" data-bg-opacity=\"1\" data-animation=\"\" data-delay=\"0\" >\n\t\t<div class=\"vc_column-inner\" >\n\t\t\t<div class=\"wpb_wrapper\">\n\t\t\t\t<div id=\"fws_69d4dab6aafa0\" data-midnight=\"\" data-column-margin=\"default\" class=\"wpb_row vc_row-fluid vc_row inner_row\"  style=\"\"><div class=\"row-bg-wrap\"> <div class=\"row-bg\" ><\/div> <\/div><div class=\"row_col_wrap_12_inner col span_12  left\">\n\t<div  class=\"vc_col-sm-4 wpb_column column_container vc_column_container col child_column no-extra-padding el_spacing_0px inherit_tablet inherit_phone\"   data-padding-pos=\"all\" data-has-bg-color=\"false\" data-bg-color=\"\" data-bg-opacity=\"1\" data-animation=\"\" data-delay=\"0\" >\n\t\t<div class=\"vc_column-inner\" >\n\t\t<div class=\"wpb_wrapper\">\n\t\t\t\n<div class=\"wpb_text_column wpb_content_element\" >\n\t<div class=\"wpb_wrapper\">\n\t\t<h6>Service description:<\/h6>\n\t<\/div>\n<\/div>\n\n\n\n\n\t\t<\/div> \n\t<\/div>\n\t<\/div> \n\n\t<div  class=\"vc_col-sm-8 wpb_column column_container vc_column_container col child_column el_spacing_30px right_padding_desktop_15pct right_padding_tablet_0px\"   data-padding-pos=\"all\" data-has-bg-color=\"false\" data-bg-color=\"\" data-bg-opacity=\"1\" data-animation=\"\" data-delay=\"0\" >\n\t\t<div class=\"vc_column-inner\" >\n\t\t<div class=\"wpb_wrapper\">\n\t\t\t<div class=\"nectar-responsive-text font_size_desktop_1-5em font_size_tablet_1em font_line_height_1-6 nectar-link-underline-effect\"><p>Professional Diagnostics and Repair of Key Vehicle Components. We offer expert diagnostics and repair services for essential vehicle components, including:<\/p>\n<ul>\n<li>Instrument Clusters \u2013 Repair of damaged displays, backlighting, and software errors.<span class=\"Apple-converted-space\">\u00a0<\/span>oprogramowania,<\/li>\n<li>Headunit Systems \u2013 Fixing multimedia malfunctions, startup issues, boot mode problems, and lack of sound.<\/li>\n<li><span class=\"Apple-converted-space\">\u00a0<\/span>7G Transmission Control Units \u2013 Diagnostics and repair of components such as Y8n1 and Y8n2 speed sensors.<\/li>\n<li>AdBlue and NOx Sensor Repair \u2013 Resolving issues with the emission reduction system.<\/li>\n<li>48V Batteries \u2013 Diagnostics and regeneration of mild hybrid power systems.<span class=\"Apple-converted-space\">\u00a0<\/span><\/li>\n<li>And much more.<\/li>\n<\/ul>\n<p>Every repair is carried out using specialized equipment, ensuring the highest quality and durability of our services.<\/p>\n<\/div><div class=\"nectar-cta  alignment_tablet_default alignment_phone_default display_tablet_inherit display_phone_inherit font_size_desktop_1rem\" data-color=\"default\" data-using-bg=\"false\" data-display=\"block\" data-style=\"underline\" data-alignment=\"left\" data-text-color=\"std\" style=\"margin-top: 50px; \"><p> <span class=\"link_wrap\" ><a  class=\"link_text\"  role=\"button\" href=\"#results\">Have questions? Contact us!<\/a><\/span><\/p><\/div>\n\t\t<\/div> \n\t<\/div>\n\t<\/div> \n<\/div><\/div>\n\t\t\t<\/div> \n\t\t<\/div>\n\t<\/div> \n<\/div><\/div>\n\t\t<div id=\"results\"  data-column-margin=\"default\" data-midnight=\"light\"  class=\"wpb_row vc_row-fluid vc_row full-width-section\"  style=\"padding-top: 0px; padding-bottom: 0px; \"><div class=\"row-bg-wrap\" data-bg-animation=\"none\" data-bg-animation-delay=\"\" data-bg-overlay=\"false\"><div class=\"inner-wrap row-bg-layer\" ><div class=\"row-bg viewport-desktop using-bg-color\"  style=\"background-color: #000000; \"><\/div><\/div><\/div><div class=\"row_col_wrap_12 col span_12 light left\">\n\t<div  class=\"vc_col-sm-12 wpb_column column_container vc_column_container col no-extra-padding el_spacing_10px inherit_tablet inherit_phone\"  data-padding-pos=\"all\" data-has-bg-color=\"false\" data-bg-color=\"\" data-bg-opacity=\"1\" data-animation=\"\" data-delay=\"0\" >\n\t\t<div class=\"vc_column-inner\" >\n\t\t\t<div class=\"wpb_wrapper\">\n\t\t\t\t<div id=\"fws_69d4dab6aceb7\" data-midnight=\"\" data-column-margin=\"default\" class=\"wpb_row vc_row-fluid vc_row inner_row\"  style=\"\"><div class=\"row-bg-wrap\"> <div class=\"row-bg\" ><\/div> <\/div><div class=\"row_col_wrap_12_inner col span_12  left\">\n\t<div  class=\"vc_col-sm-12 wpb_column column_container vc_column_container col child_column no-extra-padding inherit_tablet inherit_phone\"   data-padding-pos=\"all\" data-has-bg-color=\"false\" data-bg-color=\"\" data-bg-opacity=\"1\" data-animation=\"\" data-delay=\"0\" >\n\t\t<div class=\"vc_column-inner\" >\n\t\t<div class=\"wpb_wrapper\">\n\t\t\t<div class=\"img-with-aniamtion-wrap\" data-max-width=\"100%\" data-max-width-mobile=\"default\" data-shadow=\"none\" data-animation=\"none\" >\n      <div class=\"inner\">\n        <div class=\"hover-wrap\"> \n          <div class=\"hover-wrap-inner\">\n            <img loading=\"lazy\" decoding=\"async\" class=\"img-with-animation skip-lazy\" data-delay=\"0\" height=\"1920\" width=\"1920\" data-animation=\"none\" src=\"https:\/\/caremerc.com\/wp-content\/uploads\/2025\/01\/20241123_084230.webp\" alt=\"\" srcset=\"https:\/\/caremerc.com\/wp-content\/uploads\/2025\/01\/20241123_084230.webp 1920w, https:\/\/caremerc.com\/wp-content\/uploads\/2025\/01\/20241123_084230-300x300.webp 300w, https:\/\/caremerc.com\/wp-content\/uploads\/2025\/01\/20241123_084230-1024x1024.webp 1024w, https:\/\/caremerc.com\/wp-content\/uploads\/2025\/01\/20241123_084230-150x150.webp 150w, https:\/\/caremerc.com\/wp-content\/uploads\/2025\/01\/20241123_084230-768x768.webp 768w, https:\/\/caremerc.com\/wp-content\/uploads\/2025\/01\/20241123_084230-1536x1536.webp 1536w, https:\/\/caremerc.com\/wp-content\/uploads\/2025\/01\/20241123_084230-140x140.webp 140w, https:\/\/caremerc.com\/wp-content\/uploads\/2025\/01\/20241123_084230-100x100.webp 100w, https:\/\/caremerc.com\/wp-content\/uploads\/2025\/01\/20241123_084230-350x350.webp 350w, https:\/\/caremerc.com\/wp-content\/uploads\/2025\/01\/20241123_084230-800x800.webp 800w\" sizes=\"auto, (max-width: 1920px) 100vw, 1920px\" \/>\n          <\/div>\n        <\/div>\n      <\/div>\n    <\/div><div class=\"img-with-aniamtion-wrap\" data-max-width=\"none\" data-max-width-mobile=\"default\" data-border-radius=\"5px\" data-shadow=\"none\" data-animation=\"none\" >\n      <div class=\"inner\">\n        <div class=\"hover-wrap\"> \n          <div class=\"hover-wrap-inner\">\n            <img loading=\"lazy\" decoding=\"async\" class=\"img-with-animation skip-lazy\" data-delay=\"0\" height=\"1920\" width=\"1920\" data-animation=\"none\" src=\"https:\/\/caremerc.com\/wp-content\/uploads\/2025\/01\/20241029_124129.webp\" alt=\"\" srcset=\"https:\/\/caremerc.com\/wp-content\/uploads\/2025\/01\/20241029_124129.webp 1920w, https:\/\/caremerc.com\/wp-content\/uploads\/2025\/01\/20241029_124129-300x300.webp 300w, https:\/\/caremerc.com\/wp-content\/uploads\/2025\/01\/20241029_124129-1024x1024.webp 1024w, https:\/\/caremerc.com\/wp-content\/uploads\/2025\/01\/20241029_124129-150x150.webp 150w, https:\/\/caremerc.com\/wp-content\/uploads\/2025\/01\/20241029_124129-768x768.webp 768w, https:\/\/caremerc.com\/wp-content\/uploads\/2025\/01\/20241029_124129-1536x1536.webp 1536w, https:\/\/caremerc.com\/wp-content\/uploads\/2025\/01\/20241029_124129-140x140.webp 140w, https:\/\/caremerc.com\/wp-content\/uploads\/2025\/01\/20241029_124129-100x100.webp 100w, https:\/\/caremerc.com\/wp-content\/uploads\/2025\/01\/20241029_124129-350x350.webp 350w, https:\/\/caremerc.com\/wp-content\/uploads\/2025\/01\/20241029_124129-800x800.webp 800w\" sizes=\"auto, (max-width: 1920px) 100vw, 1920px\" \/>\n          <\/div>\n        <\/div>\n      <\/div>\n    <\/div>\n\t\t<\/div> \n\t<\/div>\n\t<\/div> \n<\/div><\/div>\n\t\t\t<\/div> \n\t\t<\/div>\n\t<\/div> \n<\/div><\/div>","protected":false},"excerpt":{"rendered":"Naprawa elektroniki Opis us\u0142ugi: Profesjonalna diagnostyka i naprawa kluczowych podzespo\u0142\u00f3w pojazdu, obejmuj\u0105ca np: Liczniki \u2013 naprawa uszkodzonych wy\u015bwietlaczy, pod\u015bwietlenia i b\u0142\u0119d\u00f3w\u00a0oprogramowania, Jednostki Headunit \u2013 usuwanie usterek multimedi\u00f3w, problem\u00f3w z uruchamianiem...","protected":false},"author":1,"featured_media":511,"parent":0,"menu_order":0,"comment_status":"closed","ping_status":"closed","template":"","meta":{"footnotes":""},"class_list":["post-474","page","type-page","status-publish","has-post-thumbnail"],"_links":{"self":[{"href":"https:\/\/caremerc.com\/en\/wp-json\/wp\/v2\/pages\/474","targetHints":{"allow":["GET"]}}],"collection":[{"href":"https:\/\/caremerc.com\/en\/wp-json\/wp\/v2\/pages"}],"about":[{"href":"https:\/\/caremerc.com\/en\/wp-json\/wp\/v2\/types\/page"}],"author":[{"embeddable":true,"href":"https:\/\/caremerc.com\/en\/wp-json\/wp\/v2\/users\/1"}],"replies":[{"embeddable":true,"href":"https:\/\/caremerc.com\/en\/wp-json\/wp\/v2\/comments?post=474"}],"version-history":[{"count":7,"href":"https:\/\/caremerc.com\/en\/wp-json\/wp\/v2\/pages\/474\/revisions"}],"predecessor-version":[{"id":592,"href":"https:\/\/caremerc.com\/en\/wp-json\/wp\/v2\/pages\/474\/revisions\/592"}],"wp:featuredmedia":[{"embeddable":true,"href":"https:\/\/caremerc.com\/en\/wp-json\/wp\/v2\/media\/511"}],"wp:attachment":[{"href":"https:\/\/caremerc.com\/en\/wp-json\/wp\/v2\/media?parent=474"}],"curies":[{"name":"wp","href":"https:\/\/api.w.org\/{rel}","templated":true}]}}